{"id":6812,"date":"2020-08-14T15:22:14","date_gmt":"2023-10-16T08:50:46","guid":{"rendered":"https:\/\/www.santa-tosta.com\/produkt\/flamenco-americano\/"},"modified":"2023-10-16T10:50:46","modified_gmt":"2023-10-16T08:50:46","slug":"flamenco-americano","status":"publish","type":"product","link":"https:\/\/www.santa-tosta.com\/es\/produkt\/flamenco-americano\/","title":{"rendered":"Flamenco americano"},"content":{"rendered":"<p>En la serie Arte de la Ciencia encontrar\u00e1 bellos motivos animales sobre un fondo ornamental. El flamenco americano fue escrito por el ornit\u00f3logo e ilustrador John James Audubon. Las impresiones se cuecen en un horno de cer\u00e1mica. Integre los motivos en un revestimiento de azulejos en superficies utilizables de la cocina y el ba\u00f1o sin dudarlo. Tambi\u00e9n puede utilizarse como posavasos. Con mucho gusto le enviaremos un gancho con instrucciones adhesivas. As\u00ed podr\u00e1s colgar f\u00e1cilmente el azulejo en cualquier pared.<\/p>\n<p>Entregamos la versi\u00f3n de 15&#215;15 cm en una caja de regalo. El tama\u00f1o 10x10cm en una bolsa de papel.<\/p>\n","protected":false},"excerpt":{"rendered":"<p>En la serie Arte de la Ciencia encontrar\u00e1 bellos motivos animales sobre un fondo ornamental. El flamenco americano fue escrito por el ornit\u00f3logo e ilustrador John James Audubon. Las impresiones se cuecen en un horno de cer\u00e1mica. Integre los motivos en un revestimiento de azulejos en superficies utilizables de la cocina y el ba\u00f1o sin [&hellip;]<\/p>\n","protected":false},"featured_media":6098,"template":"","meta":[],"product_brand":[],"product_cat":[304,305,303,295],"product_tag":[343,333,321,389,322],"class_list":{"0":"post-6812","1":"product","2":"type-product","3":"status-publish","4":"has-post-thumbnail","6":"product_cat-arte-de-la-ciencia-individual-10x10cm","7":"product_cat-arte-de-la-ciencia-individual-10x15cm","8":"product_cat-serie-arte-de-la-ciencia","9":"product_cat-productos","10":"product_tag-10x10-es","11":"product_tag-15x15-es","12":"product_tag-animales","13":"product_tag-flamenco","14":"product_tag-pajaro","16":"first","17":"instock","18":"taxable","19":"shipping-taxable","20":"purchasable","21":"product-type-variable","22":"has-default-attributes","23":"rtwpvg-product"},"_links":{"self":[{"href":"https:\/\/www.santa-tosta.com\/es\/wp-json\/wp\/v2\/product\/6812","targetHints":{"allow":["GET"]}}],"collection":[{"href":"https:\/\/www.santa-tosta.com\/es\/wp-json\/wp\/v2\/product"}],"about":[{"href":"https:\/\/www.santa-tosta.com\/es\/wp-json\/wp\/v2\/types\/product"}],"wp:featuredmedia":[{"embeddable":true,"href":"https:\/\/www.santa-tosta.com\/es\/wp-json\/wp\/v2\/media\/6098"}],"wp:attachment":[{"href":"https:\/\/www.santa-tosta.com\/es\/wp-json\/wp\/v2\/media?parent=6812"}],"wp:term":[{"taxonomy":"product_brand","embeddable":true,"href":"https:\/\/www.santa-tosta.com\/es\/wp-json\/wp\/v2\/product_brand?post=6812"},{"taxonomy":"product_cat","embeddable":true,"href":"https:\/\/www.santa-tosta.com\/es\/wp-json\/wp\/v2\/product_cat?post=6812"},{"taxonomy":"product_tag","embeddable":true,"href":"https:\/\/www.santa-tosta.com\/es\/wp-json\/wp\/v2\/product_tag?post=6812"}],"curies":[{"name":"wp","href":"https:\/\/api.w.org\/{rel}","templated":true}]}}