{"id":5399,"date":"2016-10-07T16:51:30","date_gmt":"2023-09-25T08:41:14","guid":{"rendered":"https:\/\/www.santa-tosta.com\/wp2023\/produkt\/tucan-en-la-espesura\/"},"modified":"2025-11-24T18:59:00","modified_gmt":"2025-11-24T17:59:00","slug":"tucan-en-un-tejo-teja-imagen-15x30cm","status":"publish","type":"product","link":"https:\/\/www.santa-tosta.com\/es\/produkt\/tucan-en-un-tejo-teja-imagen-15x30cm\/","title":{"rendered":"Tuc\u00e1n en la espesura"},"content":{"rendered":"<p>De la colecci\u00f3n de ilustraciones de historia natural de Ulisse Aldrovandi (1502-1605) procede esta bella representaci\u00f3n de un tuc\u00e1n serenamente posado sobre una rama en la verde espesura de la Selva. Pero no est\u00e1 solo, pues el verde multicapa que lo rodea est\u00e1 compuesto por dibujos naturales de las Gesellige Algetten (Pediastrum Melethallia) seg\u00fan Kunstformen der Natur, Tafel 34 de Ernst Haeckel.<\/p>\n<p>Nuestros cuadros dobles en formato horizontal y vertical de la serie Arte de la Ciencia son una extraordinaria decoraci\u00f3n de pared. Los cuadros de azulejos ensamblados se pegan a un panel de madera y llevan un list\u00f3n para colgar pegado y atornillado correspondiente a su tama\u00f1o. Esto facilita colgar el cuadro de azulejos en cualquier pared.  <span class=\"\" style=\"color: #000000;\">Cuelgan casi flotando en la pared con una profundidad de 1 cm. Los motivos de la serie Arte de la Ciencia son coloridos y alegres.  <\/span>Nuestra impresi\u00f3n altamente brillante en cocci\u00f3n cer\u00e1mica cautiva la mirada del espectador con un brillo sedoso-mate. Cada cocci\u00f3n cer\u00e1mica tiene su propia nota de color, por lo que son posibles ligeras desviaciones del tono de color de la imagen del producto.<\/p>\n<div class=\"\">Si desea una versi\u00f3n sin aglomerante como baldosas individuales para insertarlas directamente en un alicatado para salpicaderos en la cocina o el ba\u00f1o, env\u00edenos un correo electr\u00f3nico a: <a class=\"\" href=\"mailto:anfrage@santa-tosta.com\">anfrage@santa-tosta.com<\/a><\/div>\n","protected":false},"excerpt":{"rendered":"<p>De la colecci\u00f3n de ilustraciones de historia natural de Ulisse Aldrovandi (1502-1605) procede esta bella representaci\u00f3n de un tuc\u00e1n serenamente posado sobre una rama en la verde espesura de la Selva. Pero no est\u00e1 solo, pues el verde multicapa que lo rodea est\u00e1 compuesto por dibujos naturales de las Gesellige Algetten (Pediastrum Melethallia) seg\u00fan Kunstformen [&hellip;]<\/p>\n","protected":false},"featured_media":5404,"template":"","meta":[],"product_brand":[],"product_cat":[296,298,295],"product_tag":[327,321,324,319,322,379],"class_list":{"0":"post-5399","1":"product","2":"type-product","3":"status-publish","4":"has-post-thumbnail","6":"product_cat-cuadros-de-azulejos","7":"product_cat-formato-horizontal-15x30cm","8":"product_cat-productos","9":"product_tag-15x30-es","10":"product_tag-animales","11":"product_tag-cuadro-de-azulejos","12":"product_tag-haeckel-es","13":"product_tag-pajaro","14":"product_tag-tucan-es-2","16":"first","17":"instock","18":"taxable","19":"shipping-taxable","20":"purchasable","21":"product-type-variable","22":"has-default-attributes","23":"rtwpvg-product"},"_links":{"self":[{"href":"https:\/\/www.santa-tosta.com\/es\/wp-json\/wp\/v2\/product\/5399","targetHints":{"allow":["GET"]}}],"collection":[{"href":"https:\/\/www.santa-tosta.com\/es\/wp-json\/wp\/v2\/product"}],"about":[{"href":"https:\/\/www.santa-tosta.com\/es\/wp-json\/wp\/v2\/types\/product"}],"wp:featuredmedia":[{"embeddable":true,"href":"https:\/\/www.santa-tosta.com\/es\/wp-json\/wp\/v2\/media\/5404"}],"wp:attachment":[{"href":"https:\/\/www.santa-tosta.com\/es\/wp-json\/wp\/v2\/media?parent=5399"}],"wp:term":[{"taxonomy":"product_brand","embeddable":true,"href":"https:\/\/www.santa-tosta.com\/es\/wp-json\/wp\/v2\/product_brand?post=5399"},{"taxonomy":"product_cat","embeddable":true,"href":"https:\/\/www.santa-tosta.com\/es\/wp-json\/wp\/v2\/product_cat?post=5399"},{"taxonomy":"product_tag","embeddable":true,"href":"https:\/\/www.santa-tosta.com\/es\/wp-json\/wp\/v2\/product_tag?post=5399"}],"curies":[{"name":"wp","href":"https:\/\/api.w.org\/{rel}","templated":true}]}}