{"id":5297,"date":"2016-12-02T10:52:38","date_gmt":"2023-09-25T08:41:11","guid":{"rendered":"https:\/\/www.santa-tosta.com\/wp2023\/produkt\/rinoceronte\/"},"modified":"2025-11-24T18:58:51","modified_gmt":"2025-11-24T17:58:51","slug":"cuadro-azulejo-rinoceronte-de-tanque-15x30cm","status":"publish","type":"product","link":"https:\/\/www.santa-tosta.com\/es\/produkt\/cuadro-azulejo-rinoceronte-de-tanque-15x30cm\/","title":{"rendered":"Rinoceronte"},"content":{"rendered":"<p>El \u00abRhinocerus\u00bb de Alberto Durero, de 1515, es una de las ilustraciones naturalistas de animales m\u00e1s famosas. En Alemania, el rinoceronte de Durero se consider\u00f3 una representaci\u00f3n fiel de un rinoceronte en los libros de texto escolares hasta la d\u00e9cada de 1930. En una coloraci\u00f3n del taller de Aldrovandi de finales del siglo XVI. El rinoceronte de Durero est\u00e1 rodeado de un ornamento de aspecto oriental en esta pintura sobre azulejos. El revestimiento de azulejos est\u00e1 compuesto por dibujos cient\u00edficos de la medusa pist\u00f3n (Carmaris Trachomedusae) inspirados en Formas art\u00edsticas de la naturaleza, l\u00e1mina 26, de Ernst Haeckel.<\/p>\n<p>Nuestros cuadros dobles en formato horizontal y vertical de la serie Arte de la Ciencia son una extraordinaria decoraci\u00f3n de pared. Los cuadros de azulejos ensamblados se pegan a un panel de madera y llevan un list\u00f3n para colgar pegado y atornillado correspondiente a su tama\u00f1o. Esto facilita colgar el cuadro de azulejos en cualquier pared.  <span class=\"\" style=\"color: #000000;\">Cuelgan casi flotando en la pared con una profundidad de 1 cm. Los motivos de la serie Arte de la Ciencia son coloridos y alegres.  <\/span>Nuestra impresi\u00f3n altamente brillante en cocci\u00f3n cer\u00e1mica cautiva la mirada del espectador con un brillo sedoso-mate. Cada cocci\u00f3n cer\u00e1mica tiene su propia nota de color, por lo que son posibles ligeras desviaciones del tono de color de la imagen del producto.<\/p>\n<div class=\"\">Si desea una versi\u00f3n sin aglomerante como baldosas individuales para insertarlas directamente en un alicatado para salpicaderos en la cocina o el ba\u00f1o, env\u00edenos un correo electr\u00f3nico a: <a class=\"\" href=\"mailto:anfrage@santa-tosta.com\">anfrage@santa-tosta.com<\/a><\/div>\n<div class=\"\"><\/div>\n","protected":false},"excerpt":{"rendered":"<p>El \u00abRhinocerus\u00bb de Alberto Durero, de 1515, es una de las ilustraciones naturalistas de animales m\u00e1s famosas. En Alemania, el rinoceronte de Durero se consider\u00f3 una representaci\u00f3n fiel de un rinoceronte en los libros de texto escolares hasta la d\u00e9cada de 1930. En una coloraci\u00f3n del taller de Aldrovandi de finales del siglo XVI. El [&hellip;]<\/p>\n","protected":false},"featured_media":5303,"template":"","meta":[],"product_brand":[],"product_cat":[296,298,295],"product_tag":[327,321,324,319,346],"class_list":{"0":"post-5297","1":"product","2":"type-product","3":"status-publish","4":"has-post-thumbnail","6":"product_cat-cuadros-de-azulejos","7":"product_cat-formato-horizontal-15x30cm","8":"product_cat-productos","9":"product_tag-15x30-es","10":"product_tag-animales","11":"product_tag-cuadro-de-azulejos","12":"product_tag-haeckel-es","13":"product_tag-rinoceronte","15":"first","16":"instock","17":"taxable","18":"shipping-taxable","19":"purchasable","20":"product-type-variable","21":"has-default-attributes","22":"rtwpvg-product"},"_links":{"self":[{"href":"https:\/\/www.santa-tosta.com\/es\/wp-json\/wp\/v2\/product\/5297","targetHints":{"allow":["GET"]}}],"collection":[{"href":"https:\/\/www.santa-tosta.com\/es\/wp-json\/wp\/v2\/product"}],"about":[{"href":"https:\/\/www.santa-tosta.com\/es\/wp-json\/wp\/v2\/types\/product"}],"wp:featuredmedia":[{"embeddable":true,"href":"https:\/\/www.santa-tosta.com\/es\/wp-json\/wp\/v2\/media\/5303"}],"wp:attachment":[{"href":"https:\/\/www.santa-tosta.com\/es\/wp-json\/wp\/v2\/media?parent=5297"}],"wp:term":[{"taxonomy":"product_brand","embeddable":true,"href":"https:\/\/www.santa-tosta.com\/es\/wp-json\/wp\/v2\/product_brand?post=5297"},{"taxonomy":"product_cat","embeddable":true,"href":"https:\/\/www.santa-tosta.com\/es\/wp-json\/wp\/v2\/product_cat?post=5297"},{"taxonomy":"product_tag","embeddable":true,"href":"https:\/\/www.santa-tosta.com\/es\/wp-json\/wp\/v2\/product_tag?post=5297"}],"curies":[{"name":"wp","href":"https:\/\/api.w.org\/{rel}","templated":true}]}}