{"id":5171,"date":"2020-08-17T11:28:03","date_gmt":"2023-09-25T08:41:08","guid":{"rendered":"https:\/\/www.santa-tosta.com\/wp2023\/produkt\/rinoceronte\/"},"modified":"2023-09-25T10:41:08","modified_gmt":"2023-09-25T08:41:08","slug":"rinoceronte-de-tanque","status":"publish","type":"product","link":"https:\/\/www.santa-tosta.com\/es\/produkt\/rinoceronte-de-tanque\/","title":{"rendered":"Rinoceronte"},"content":{"rendered":"<p>En la serie Arte de la Ciencia encontrar\u00e1 bellos motivos animales sobre un fondo ornamental. Aqu\u00ed el famoso rinoceronte de Alberto Durero (1515) se encuentra con la medusa pist\u00f3n (Carmaris Trachomedusae) basada en las Formas Art\u00edsticas de la Naturaleza de Ernst Haeckel.<\/p>\n<p>Las impresiones se cuecen en un horno de cer\u00e1mica. Integre los motivos en un revestimiento de azulejos en superficies utilizables de la cocina y el ba\u00f1o sin dudarlo. Tambi\u00e9n puede utilizarse como posavasos. Con mucho gusto le enviaremos un gancho con instrucciones adhesivas. As\u00ed podr\u00e1s colgar f\u00e1cilmente el azulejo en cualquier pared.<\/p>\n<p>Entregamos la versi\u00f3n de 15&#215;15 cm en una caja de regalo. El tama\u00f1o 10x10cm en una bolsa de papel.<\/p>\n","protected":false},"excerpt":{"rendered":"<p>En la serie Arte de la Ciencia encontrar\u00e1 bellos motivos animales sobre un fondo ornamental. Aqu\u00ed el famoso rinoceronte de Alberto Durero (1515) se encuentra con la medusa pist\u00f3n (Carmaris Trachomedusae) basada en las Formas Art\u00edsticas de la Naturaleza de Ernst Haeckel. Las impresiones se cuecen en un horno de cer\u00e1mica. Integre los motivos en [&hellip;]<\/p>\n","protected":false},"featured_media":5175,"template":"","meta":[],"product_brand":[],"product_cat":[304,305,303,295],"product_tag":[343,333,321,346,350],"class_list":{"0":"post-5171","1":"product","2":"type-product","3":"status-publish","4":"has-post-thumbnail","6":"product_cat-arte-de-la-ciencia-individual-10x10cm","7":"product_cat-arte-de-la-ciencia-individual-10x15cm","8":"product_cat-serie-arte-de-la-ciencia","9":"product_cat-productos","10":"product_tag-10x10-es","11":"product_tag-15x15-es","12":"product_tag-animales","13":"product_tag-rinoceronte","14":"product_tag-ungulados-pares","16":"first","17":"instock","18":"taxable","19":"shipping-taxable","20":"purchasable","21":"product-type-variable","22":"has-default-attributes","23":"rtwpvg-product"},"_links":{"self":[{"href":"https:\/\/www.santa-tosta.com\/es\/wp-json\/wp\/v2\/product\/5171","targetHints":{"allow":["GET"]}}],"collection":[{"href":"https:\/\/www.santa-tosta.com\/es\/wp-json\/wp\/v2\/product"}],"about":[{"href":"https:\/\/www.santa-tosta.com\/es\/wp-json\/wp\/v2\/types\/product"}],"wp:featuredmedia":[{"embeddable":true,"href":"https:\/\/www.santa-tosta.com\/es\/wp-json\/wp\/v2\/media\/5175"}],"wp:attachment":[{"href":"https:\/\/www.santa-tosta.com\/es\/wp-json\/wp\/v2\/media?parent=5171"}],"wp:term":[{"taxonomy":"product_brand","embeddable":true,"href":"https:\/\/www.santa-tosta.com\/es\/wp-json\/wp\/v2\/product_brand?post=5171"},{"taxonomy":"product_cat","embeddable":true,"href":"https:\/\/www.santa-tosta.com\/es\/wp-json\/wp\/v2\/product_cat?post=5171"},{"taxonomy":"product_tag","embeddable":true,"href":"https:\/\/www.santa-tosta.com\/es\/wp-json\/wp\/v2\/product_tag?post=5171"}],"curies":[{"name":"wp","href":"https:\/\/api.w.org\/{rel}","templated":true}]}}