{"id":5111,"date":"2020-08-17T12:17:35","date_gmt":"2023-09-25T08:41:04","guid":{"rendered":"https:\/\/www.santa-tosta.com\/wp2023\/produkt\/pelican\/"},"modified":"2023-09-25T10:41:04","modified_gmt":"2023-09-25T08:41:04","slug":"pelicano","status":"publish","type":"product","link":"https:\/\/www.santa-tosta.com\/es\/produkt\/pelicano\/","title":{"rendered":"Pelican"},"content":{"rendered":"<p>El <i class=\"\">pel\u00edcano blanco americano <\/i>de John J. Audubon de \u00abLas aves de Am\u00e9rica\u00bb (1837 &#8211; 1838) es una cautivadora y bella representaci\u00f3n de esta ave acu\u00e1tica. En nuestro azulejo decorativo, el pel\u00edcano blanco de Am\u00e9rica toma el sol y sue\u00f1a con su pr\u00f3xima zambullida. Un enjambre de muelles se arremolina a su alrededor. El dise\u00f1o ornamental est\u00e1 compuesto por dibujos de la medusa disco (Desmonema Discomedusae) seg\u00fan Formas art\u00edsticas de la naturaleza, l\u00e1mina 8 de Ernst Haeckel.<\/p>\n<p>Entregamos la versi\u00f3n de 15&#215;15 cm en una caja de regalo. El tama\u00f1o 10x10cm en una bolsa de papel.<\/p>\n","protected":false},"excerpt":{"rendered":"<p>El pel\u00edcano blanco americano de John J. Audubon de \u00abLas aves de Am\u00e9rica\u00bb (1837 &#8211; 1838) es una cautivadora y bella representaci\u00f3n de esta ave acu\u00e1tica. En nuestro azulejo decorativo, el pel\u00edcano blanco de Am\u00e9rica toma el sol y sue\u00f1a con su pr\u00f3xima zambullida. Un enjambre de muelles se arremolina a su alrededor. El dise\u00f1o [&hellip;]<\/p>\n","protected":false},"featured_media":5117,"template":"","meta":[],"product_brand":[],"product_cat":[304,305,303,295],"product_tag":[343,333,321,322,358],"class_list":{"0":"post-5111","1":"product","2":"type-product","3":"status-publish","4":"has-post-thumbnail","6":"product_cat-arte-de-la-ciencia-individual-10x10cm","7":"product_cat-arte-de-la-ciencia-individual-10x15cm","8":"product_cat-serie-arte-de-la-ciencia","9":"product_cat-productos","10":"product_tag-10x10-es","11":"product_tag-15x15-es","12":"product_tag-animales","13":"product_tag-pajaro","14":"product_tag-pelicano","16":"first","17":"instock","18":"taxable","19":"shipping-taxable","20":"purchasable","21":"product-type-variable","22":"has-default-attributes","23":"rtwpvg-product"},"_links":{"self":[{"href":"https:\/\/www.santa-tosta.com\/es\/wp-json\/wp\/v2\/product\/5111","targetHints":{"allow":["GET"]}}],"collection":[{"href":"https:\/\/www.santa-tosta.com\/es\/wp-json\/wp\/v2\/product"}],"about":[{"href":"https:\/\/www.santa-tosta.com\/es\/wp-json\/wp\/v2\/types\/product"}],"wp:featuredmedia":[{"embeddable":true,"href":"https:\/\/www.santa-tosta.com\/es\/wp-json\/wp\/v2\/media\/5117"}],"wp:attachment":[{"href":"https:\/\/www.santa-tosta.com\/es\/wp-json\/wp\/v2\/media?parent=5111"}],"wp:term":[{"taxonomy":"product_brand","embeddable":true,"href":"https:\/\/www.santa-tosta.com\/es\/wp-json\/wp\/v2\/product_brand?post=5111"},{"taxonomy":"product_cat","embeddable":true,"href":"https:\/\/www.santa-tosta.com\/es\/wp-json\/wp\/v2\/product_cat?post=5111"},{"taxonomy":"product_tag","embeddable":true,"href":"https:\/\/www.santa-tosta.com\/es\/wp-json\/wp\/v2\/product_tag?post=5111"}],"curies":[{"name":"wp","href":"https:\/\/api.w.org\/{rel}","templated":true}]}}