{"id":4817,"date":"2020-08-18T12:28:26","date_gmt":"2023-09-25T08:40:55","guid":{"rendered":"https:\/\/www.santa-tosta.com\/wp2023\/produkt\/tucan\/"},"modified":"2023-09-25T10:40:55","modified_gmt":"2023-09-25T08:40:55","slug":"tucan","status":"publish","type":"product","link":"https:\/\/www.santa-tosta.com\/es\/produkt\/tucan\/","title":{"rendered":"Tuc\u00e1n"},"content":{"rendered":"<p>En la serie Arte de la Ciencia encontrar\u00e1 bellos motivos animales sobre un fondo ornamental. Esta representaci\u00f3n de un tuc\u00e1n procede de la colecci\u00f3n de Ulisse Aldrovandi (1502-1605).<\/p>\n<p>Las impresiones se cuecen en un horno de cer\u00e1mica. Integre los motivos en un revestimiento de azulejos en superficies utilizables de la cocina y el ba\u00f1o sin dudarlo. Tambi\u00e9n puede utilizarse como posavasos. Con mucho gusto le enviaremos un gancho con instrucciones adhesivas. As\u00ed podr\u00e1s colgar f\u00e1cilmente el azulejo en cualquier pared.<\/p>\n<p>Entregamos la versi\u00f3n de 15&#215;15 cm en una caja de regalo. El tama\u00f1o 10x10cm en una bolsa de papel.<\/p>\n","protected":false},"excerpt":{"rendered":"<p>En la serie Arte de la Ciencia encontrar\u00e1 bellos motivos animales sobre un fondo ornamental. Esta representaci\u00f3n de un tuc\u00e1n procede de la colecci\u00f3n de Ulisse Aldrovandi (1502-1605). Las impresiones se cuecen en un horno de cer\u00e1mica. Integre los motivos en un revestimiento de azulejos en superficies utilizables de la cocina y el ba\u00f1o sin [&hellip;]<\/p>\n","protected":false},"featured_media":4823,"template":"","meta":[],"product_brand":[],"product_cat":[305,303,295],"product_tag":[333,321,322,339,340],"class_list":{"0":"post-4817","1":"product","2":"type-product","3":"status-publish","4":"has-post-thumbnail","6":"product_cat-arte-de-la-ciencia-individual-10x15cm","7":"product_cat-serie-arte-de-la-ciencia","8":"product_cat-productos","9":"product_tag-15x15-es","10":"product_tag-animales","11":"product_tag-pajaro","12":"product_tag-tucan-es","13":"product_tag-ventana-emergente","15":"first","16":"instock","17":"taxable","18":"shipping-taxable","19":"purchasable","20":"product-type-variable","21":"has-default-attributes","22":"rtwpvg-product"},"_links":{"self":[{"href":"https:\/\/www.santa-tosta.com\/es\/wp-json\/wp\/v2\/product\/4817","targetHints":{"allow":["GET"]}}],"collection":[{"href":"https:\/\/www.santa-tosta.com\/es\/wp-json\/wp\/v2\/product"}],"about":[{"href":"https:\/\/www.santa-tosta.com\/es\/wp-json\/wp\/v2\/types\/product"}],"wp:featuredmedia":[{"embeddable":true,"href":"https:\/\/www.santa-tosta.com\/es\/wp-json\/wp\/v2\/media\/4823"}],"wp:attachment":[{"href":"https:\/\/www.santa-tosta.com\/es\/wp-json\/wp\/v2\/media?parent=4817"}],"wp:term":[{"taxonomy":"product_brand","embeddable":true,"href":"https:\/\/www.santa-tosta.com\/es\/wp-json\/wp\/v2\/product_brand?post=4817"},{"taxonomy":"product_cat","embeddable":true,"href":"https:\/\/www.santa-tosta.com\/es\/wp-json\/wp\/v2\/product_cat?post=4817"},{"taxonomy":"product_tag","embeddable":true,"href":"https:\/\/www.santa-tosta.com\/es\/wp-json\/wp\/v2\/product_tag?post=4817"}],"curies":[{"name":"wp","href":"https:\/\/api.w.org\/{rel}","templated":true}]}}