{"id":4686,"date":"2023-09-25T10:23:50","date_gmt":"2023-09-25T08:23:50","guid":{"rendered":"https:\/\/www.santa-tosta.com\/wp2023\/pie-de-imprenta\/"},"modified":"2023-09-25T10:23:50","modified_gmt":"2023-09-25T08:23:50","slug":"pie-de-imprenta","status":"publish","type":"page","link":"https:\/\/www.santa-tosta.com\/es\/pie-de-imprenta\/","title":{"rendered":"Pie de imprenta"},"content":{"rendered":"<p>SANTA TOSTA | el arte del azulejo |<\/p>\n<p>Propietario: Cristina Artola Kessler<br \/>\nZechliner Str. 3a, 13359 Berl\u00edn<\/p>\n<p>Tel\u00e9fono: +49(0)178 55 8 33 21<br \/>\nDirecci\u00f3n de correo electr\u00f3nico: <a href=\"mailto:info@santa-tosta.com\">info@santa-tosta.com<\/a><\/p>\n<p>N\u00ba: 23\/212\/02682<br \/>\nN\u00famero de IVA: DE222373732<\/p>\n<p>Responsable del contenido: Cristina Artola Kessler, Zechliner Str. 3a, 13359 Berlin<\/p>\n","protected":false},"excerpt":{"rendered":"<p>SANTA TOSTA | el arte del azulejo | Propietario: Cristina Artola Kessler Zechliner Str. 3a, 13359 Berl\u00edn Tel\u00e9fono: +49(0)178 55 8 33 21 Direcci\u00f3n de correo electr\u00f3nico: info@santa-tosta.com N\u00ba: 23\/212\/02682 N\u00famero de IVA: DE222373732 Responsable del contenido: Cristina Artola Kessler, Zechliner Str. 3a, 13359 Berlin<\/p>\n","protected":false},"author":1,"featured_media":0,"parent":0,"menu_order":0,"comment_status":"closed","ping_status":"closed","template":"","meta":{"footnotes":""},"class_list":["post-4686","page","type-page","status-publish","hentry"],"_links":{"self":[{"href":"https:\/\/www.santa-tosta.com\/es\/wp-json\/wp\/v2\/pages\/4686","targetHints":{"allow":["GET"]}}],"collection":[{"href":"https:\/\/www.santa-tosta.com\/es\/wp-json\/wp\/v2\/pages"}],"about":[{"href":"https:\/\/www.santa-tosta.com\/es\/wp-json\/wp\/v2\/types\/page"}],"author":[{"embeddable":true,"href":"https:\/\/www.santa-tosta.com\/es\/wp-json\/wp\/v2\/users\/1"}],"replies":[{"embeddable":true,"href":"https:\/\/www.santa-tosta.com\/es\/wp-json\/wp\/v2\/comments?post=4686"}],"version-history":[{"count":0,"href":"https:\/\/www.santa-tosta.com\/es\/wp-json\/wp\/v2\/pages\/4686\/revisions"}],"wp:attachment":[{"href":"https:\/\/www.santa-tosta.com\/es\/wp-json\/wp\/v2\/media?parent=4686"}],"curies":[{"name":"wp","href":"https:\/\/api.w.org\/{rel}","templated":true}]}}