{"id":4680,"date":"2023-09-25T10:23:48","date_gmt":"2023-09-25T08:23:48","guid":{"rendered":"https:\/\/www.santa-tosta.com\/wp2023\/envio-y-entrega\/"},"modified":"2023-09-25T10:23:49","modified_gmt":"2023-09-25T08:23:49","slug":"envio-y-entrega","status":"publish","type":"page","link":"https:\/\/www.santa-tosta.com\/es\/envio-y-entrega\/","title":{"rendered":"Env\u00edo y entrega"},"content":{"rendered":"<p><strong>Precios, gastos de env\u00edo e informaci\u00f3n sobre la entrega<\/strong><\/p>\n<p>Los precios indicados en las p\u00e1ginas de los productos incluyen el impuesto sobre el valor a\u00f1adido legal.<\/p>\n<p>Adem\u00e1s de los precios indicados, cobramos por la entrega&#8230;<\/p>\n<p>&#8230;dentro de Alemania y Austria una tarifa plana de 7,00 euros por pedido de hasta 2 kg y de 15,00 euros por pedido de hasta 10 kg y\/o un volumen de embalaje de las dimensiones 120x60x60cm.<\/p>\n<p>Los gastos de env\u00edo se le volver\u00e1n a comunicar claramente en el sistema de la cesta de la compra y en la p\u00e1gina del pedido.<\/p>\n<p>Para env\u00edos dentro de Europa y a todo el mundo, p\u00f3ngase en contacto con nosotros para cualquier consulta en: <a href=\"mailto:anfrage@santa-tosta.com\">anfrage@santa-tosta.com <\/a> <\/p>\n<p>Nuestros precios de entrega se basan en la oferta de los servicios de paqueter\u00eda alemanes. Adem\u00e1s, enviamos nuestros productos cuidadosamente embalados y a prueba de golpes en las cajas de env\u00edo incrustadas en material de relleno.<\/p>\n","protected":false},"excerpt":{"rendered":"<p>Precios, gastos de env\u00edo e informaci\u00f3n sobre la entrega Los precios indicados en las p\u00e1ginas de los productos incluyen el impuesto sobre el valor a\u00f1adido legal. Adem\u00e1s de los precios indicados, cobramos por la entrega&#8230; &#8230;dentro de Alemania y Austria una tarifa plana de 7,00 euros por pedido de hasta 2 kg y de 15,00 [&hellip;]<\/p>\n","protected":false},"author":1,"featured_media":0,"parent":0,"menu_order":0,"comment_status":"closed","ping_status":"closed","template":"","meta":{"footnotes":""},"class_list":["post-4680","page","type-page","status-publish","hentry"],"_links":{"self":[{"href":"https:\/\/www.santa-tosta.com\/es\/wp-json\/wp\/v2\/pages\/4680","targetHints":{"allow":["GET"]}}],"collection":[{"href":"https:\/\/www.santa-tosta.com\/es\/wp-json\/wp\/v2\/pages"}],"about":[{"href":"https:\/\/www.santa-tosta.com\/es\/wp-json\/wp\/v2\/types\/page"}],"author":[{"embeddable":true,"href":"https:\/\/www.santa-tosta.com\/es\/wp-json\/wp\/v2\/users\/1"}],"replies":[{"embeddable":true,"href":"https:\/\/www.santa-tosta.com\/es\/wp-json\/wp\/v2\/comments?post=4680"}],"version-history":[{"count":0,"href":"https:\/\/www.santa-tosta.com\/es\/wp-json\/wp\/v2\/pages\/4680\/revisions"}],"wp:attachment":[{"href":"https:\/\/www.santa-tosta.com\/es\/wp-json\/wp\/v2\/media?parent=4680"}],"curies":[{"name":"wp","href":"https:\/\/api.w.org\/{rel}","templated":true}]}}