{"id":4656,"date":"2023-09-25T10:23:45","date_gmt":"2023-09-25T08:23:45","guid":{"rendered":"https:\/\/www.santa-tosta.com\/wp2023\/pagina-de-inicio\/"},"modified":"2023-10-16T10:45:30","modified_gmt":"2023-10-16T08:45:30","slug":"pagina-de-inicio","status":"publish","type":"page","link":"https:\/\/www.santa-tosta.com\/es\/","title":{"rendered":"P\u00e1gina de inicio"},"content":{"rendered":"\n<div class=\"wp-block-columns is-layout-flex wp-container-core-columns-is-layout-9d6595d7 wp-block-columns-is-layout-flex\">\n<div class=\"wp-block-column is-layout-flow wp-block-column-is-layout-flow\" style=\"flex-basis:66.66%\">\n<p> <strong>SANTA TOSTA | el arte del azulejo |  <\/strong><\/p>\n\n\n\n<p>Bienvenido a nuestro sitio web<\/p>\n\n\n\n<p>Los azulejos SANTA TOSTA se dise\u00f1an art\u00edsticamente y se fabrican a mano en Berl\u00edn-Gesundbrunnen. En nuestros motivos combinamos el arte de la ilustraci\u00f3n cient\u00edfica con la cer\u00e1mica tradicional.<\/p>\n\n\n\n<p>Con colores atrevidos y formas elegantes, cada baldosa cuenta una peque\u00f1a historia de la ciencia natural. \u00a1Los motivos antiguos se convierten en una peque\u00f1a obra de arte a trav\u00e9s del dise\u00f1o contempor\u00e1neo!<\/p>\n\n\n\n<p>Dependiendo de la t\u00e9cnica, nuestros azulejos pueden colgarse, alicatarse o utilizarse como posavasos.<\/p>\n\n\n\n<p>En nuestra <a href=\"https:\/\/www.santa-tosta.com\/es\/nuestra-serie\/\">tienda<\/a> encontrar\u00e1 un resumen de nuestros cuadros de azulejos y azulejos decorativos.<\/p>\n\n\n\n<p>Puede encontrar impresiones del ajetreo del mercado de los \u00faltimos a\u00f1os en <a rel=\"noreferrer noopener\" href=\"https:\/\/www.facebook.com\/santatosta\/\" target=\"_blank\">Facebook<\/a> o <a rel=\"noreferrer noopener\" href=\"https:\/\/www.instagram.com\/santa_tosta\/\" target=\"_blank\">Instagram<\/a>.<\/p>\n\n\n\n<p>En las categor\u00edas <a href=\"https:\/\/www.santa-tosta.com\/es\/taller-y-equipo\/\" data-type=\"URL\" data-id=\"https:\/\/www.santa-tosta.com\/werkstatt\/\" target=\"_blank\" rel=\"noreferrer noopener\">taller<\/a> e <a href=\"https:\/\/www.santa-tosta.com\/es\/diseno-interior-diseno-especial\/\" data-type=\"URL\" data-id=\"https:\/\/www.santa-tosta.com\/raumgestaltung\/\" target=\"_blank\" rel=\"noreferrer noopener\">interiorismo<\/a> encontrar\u00e1 m\u00e1s informaci\u00f3n sobre nuestro trabajo art\u00edstico.<\/p>\n\n\n\n<p>Le enviamos un cordial saludo desde Berl\u00edn<\/p>\n\n\n\n<p>Cristina Artola, Tim Schintlholzer<\/p>\n\n\n\n<p><strong>SANTA TOSTA | el arte del azulejo |<\/strong><\/p>\n<\/div>\n\n\n\n<div class=\"wp-block-column is-layout-flow wp-block-column-is-layout-flow\" style=\"flex-basis:33.33%\">\n<figure class=\"wp-block-image size-full\"><img loading=\"lazy\" decoding=\"async\" width=\"800\" height=\"800\" src=\"https:\/\/www.santa-tosta.com\/wp-content\/uploads\/Kofferfische_stand_front.jpg\" alt=\"\" class=\"wp-image-820\" srcset=\"https:\/\/www.santa-tosta.com\/wp-content\/uploads\/Kofferfische_stand_front.jpg 800w, https:\/\/www.santa-tosta.com\/wp-content\/uploads\/Kofferfische_stand_front-600x600.jpg 600w, https:\/\/www.santa-tosta.com\/wp-content\/uploads\/Kofferfische_stand_front-100x100.jpg 100w, https:\/\/www.santa-tosta.com\/wp-content\/uploads\/Kofferfische_stand_front-180x180.jpg 180w, https:\/\/www.santa-tosta.com\/wp-content\/uploads\/Kofferfische_stand_front-768x768.jpg 768w\" sizes=\"auto, (max-width: 800px) 100vw, 800px\" \/><\/figure>\n<\/div>\n<\/div>\n","protected":false},"excerpt":{"rendered":"<p>SANTA TOSTA | el arte del azulejo | Bienvenido a nuestro sitio web Los azulejos SANTA TOSTA se dise\u00f1an art\u00edsticamente y se fabrican a mano en Berl\u00edn-Gesundbrunnen. En nuestros motivos combinamos el arte de la ilustraci\u00f3n cient\u00edfica con la cer\u00e1mica tradicional. Con colores atrevidos y formas elegantes, cada baldosa cuenta una peque\u00f1a historia de la [&hellip;]<\/p>\n","protected":false},"author":1,"featured_media":0,"parent":0,"menu_order":0,"comment_status":"closed","ping_status":"closed","template":"","meta":{"footnotes":""},"class_list":["post-4656","page","type-page","status-publish","hentry"],"_links":{"self":[{"href":"https:\/\/www.santa-tosta.com\/es\/wp-json\/wp\/v2\/pages\/4656","targetHints":{"allow":["GET"]}}],"collection":[{"href":"https:\/\/www.santa-tosta.com\/es\/wp-json\/wp\/v2\/pages"}],"about":[{"href":"https:\/\/www.santa-tosta.com\/es\/wp-json\/wp\/v2\/types\/page"}],"author":[{"embeddable":true,"href":"https:\/\/www.santa-tosta.com\/es\/wp-json\/wp\/v2\/users\/1"}],"replies":[{"embeddable":true,"href":"https:\/\/www.santa-tosta.com\/es\/wp-json\/wp\/v2\/comments?post=4656"}],"version-history":[{"count":3,"href":"https:\/\/www.santa-tosta.com\/es\/wp-json\/wp\/v2\/pages\/4656\/revisions"}],"predecessor-version":[{"id":6799,"href":"https:\/\/www.santa-tosta.com\/es\/wp-json\/wp\/v2\/pages\/4656\/revisions\/6799"}],"wp:attachment":[{"href":"https:\/\/www.santa-tosta.com\/es\/wp-json\/wp\/v2\/media?parent=4656"}],"curies":[{"name":"wp","href":"https:\/\/api.w.org\/{rel}","templated":true}]}}