{"id":866,"date":"2018-06-11T10:14:30","date_gmt":"2018-06-11T08:14:30","guid":{"rendered":"http:\/\/www.santa-tosta.com\/de\/?page_id=866"},"modified":"2022-12-26T18:59:53","modified_gmt":"2022-12-26T17:59:53","slug":"shop-geschlossen","status":"publish","type":"page","link":"https:\/\/www.santa-tosta.com\/en\/shop-geschlossen\/","title":{"rendered":"Shop vorr\u00fcbergehend geschlossen"},"content":{"rendered":"\n<h1 class=\"wp-block-heading\">Liebe Besucher,<\/h1>\n\n\n\n<p>Ein ereignisreiches Jahr neigt sich dem Ende zu. Wir bedanken uns f\u00fcr soviel positive Resonance auf unsere Fliesenbilder und sind hoch hochmotiviert auch im kommenden Jahr unser Bestes zu geben, vielleicht sogar mit neuen Designs und neuen Motiven! <\/p>\n\n\n\n<p>Nach dem Treiben auf dem Weihnachtsmarkt machen wir eine kleine Pause. Die haben wir uns verdient! Danach geht es im neuen Jahr weiter in alter Frische. \u00dcber unseren Newsletter erfahren Sie fr\u00fchzeitig, wann unser OnlineShop wieder verf\u00fcgbar ist.<\/p>\n\n\n\n<div class=\"wp-block-buttons is-layout-flex wp-block-buttons-is-layout-flex\">\n<div class=\"wp-block-button has-custom-width wp-block-button__width-25\"><a class=\"wp-block-button__link has-white-color has-black-background-color has-text-color has-background\" href=\"https:\/\/www.santa-tosta.com\/newsletter\/\" style=\"border-radius:5px\" rel=\"\">Zum Newsletter<\/a><\/div>\n<\/div>\n\n\n\n<div style=\"height:70px\" aria-hidden=\"true\" class=\"wp-block-spacer\"><\/div>\n\n\n\n<p>Wir w\u00fcnschen einen angenehmen Ausklang 2022 und einen guten Start ins Neue Jahre. Kommen Sie gut rein! <\/p>\n\n\n\n<p>Mit besten Gr\u00fc\u00dfen<\/p>\n\n\n\n<p>Ihr Team&nbsp;<b>SANTA TOSTA<\/b><strong>&nbsp;| the art of tile |<\/strong><\/p>\n","protected":false},"excerpt":{"rendered":"<p>Liebe Besucher, Ein ereignisreiches Jahr neigt sich dem Ende zu. Wir bedanken uns f\u00fcr soviel positive Resonance auf unsere Fliesenbilder und sind hoch hochmotiviert auch im kommenden Jahr unser Bestes zu geben, vielleicht sogar mit neuen Designs und neuen Motiven! Nach dem Treiben auf dem Weihnachtsmarkt machen wir eine kleine Pause. Die haben wir uns [&hellip;]<\/p>\n","protected":false},"author":1,"featured_media":0,"parent":0,"menu_order":0,"comment_status":"closed","ping_status":"closed","template":"","meta":{"footnotes":""},"class_list":["post-866","page","type-page","status-publish","hentry"],"_links":{"self":[{"href":"https:\/\/www.santa-tosta.com\/en\/wp-json\/wp\/v2\/pages\/866","targetHints":{"allow":["GET"]}}],"collection":[{"href":"https:\/\/www.santa-tosta.com\/en\/wp-json\/wp\/v2\/pages"}],"about":[{"href":"https:\/\/www.santa-tosta.com\/en\/wp-json\/wp\/v2\/types\/page"}],"author":[{"embeddable":true,"href":"https:\/\/www.santa-tosta.com\/en\/wp-json\/wp\/v2\/users\/1"}],"replies":[{"embeddable":true,"href":"https:\/\/www.santa-tosta.com\/en\/wp-json\/wp\/v2\/comments?post=866"}],"version-history":[{"count":0,"href":"https:\/\/www.santa-tosta.com\/en\/wp-json\/wp\/v2\/pages\/866\/revisions"}],"wp:attachment":[{"href":"https:\/\/www.santa-tosta.com\/en\/wp-json\/wp\/v2\/media?parent=866"}],"curies":[{"name":"wp","href":"https:\/\/api.w.org\/{rel}","templated":true}]}}